{"id":11696,"date":"2022-06-06T03:49:14","date_gmt":"2022-06-06T03:49:14","guid":{"rendered":"https:\/\/fitclinic.pt\/?page_id=11696"},"modified":"2022-12-12T20:55:32","modified_gmt":"2022-12-12T20:55:32","slug":"hidratacao-profunda","status":"publish","type":"page","link":"https:\/\/fitclinic.pt\/en\/tratamentos-de-estetica\/rosto\/hidratacao-profunda\/","title":{"rendered":"Deep Hydration"},"content":{"rendered":"<div data-elementor-type=\"wp-page\" data-elementor-id=\"11696\" class=\"elementor elementor-11696\" data-elementor-post-type=\"page\">\n\t\t\t\t\t\t<section class=\"elementor-section elementor-top-section elementor-element elementor-element-5b946df elementor-section-full_width elementor-section-height-min-height elementor-section-height-default elementor-section-items-middle\" data-id=\"5b946df\" data-element_type=\"section\">\n\t\t\t\t\t\t<div class=\"elementor-container elementor-column-gap-default\">\n\t\t\t\t\t<div class=\"elementor-column elementor-col-50 elementor-top-column elementor-element elementor-element-9e45cd5\" data-id=\"9e45cd5\" data-element_type=\"column\">\n\t\t\t<div class=\"elementor-widget-wrap elementor-element-populated\">\n\t\t\t\t\t\t<section class=\"elementor-section elementor-inner-section elementor-element elementor-element-2c6e25d elementor-section-height-min-height elementor-section-boxed elementor-section-height-default\" data-id=\"2c6e25d\" data-element_type=\"section\">\n\t\t\t\t\t\t<div class=\"elementor-container elementor-column-gap-default\">\n\t\t\t\t\t<div class=\"elementor-column elementor-col-100 elementor-inner-column elementor-element elementor-element-c3c534e\" data-id=\"c3c534e\" data-element_type=\"column\" data-settings=\"{&quot;background_background&quot;:&quot;classic&quot;}\">\n\t\t\t<div class=\"elementor-widget-wrap elementor-element-populated\">\n\t\t\t\t\t<div class=\"elementor-background-overlay\"><\/div>\n\t\t\t\t\t\t<div class=\"elementor-element elementor-element-1269d7f elementor-widget elementor-widget-text-editor\" data-id=\"1269d7f\" data-element_type=\"widget\" data-widget_type=\"text-editor.default\">\n\t\t\t\t<div class=\"elementor-widget-container\">\n\t\t\t\t\t\t\t\t\t<p>EST\u00c9TICA &gt; ROSTO<br><\/p>\t\t\t\t\t\t\t\t<\/div>\n\t\t\t\t<\/div>\n\t\t\t\t<div class=\"elementor-element elementor-element-358177c elementor-widget elementor-widget-heading\" data-id=\"358177c\" data-element_type=\"widget\" data-widget_type=\"heading.default\">\n\t\t\t\t<div class=\"elementor-widget-container\">\n\t\t\t\t\t<h2 class=\"elementor-heading-title elementor-size-default\">Deep Hydration<\/h2>\t\t\t\t<\/div>\n\t\t\t\t<\/div>\n\t\t\t\t\t<\/div>\n\t\t<\/div>\n\t\t\t\t\t<\/div>\n\t\t<\/section>\n\t\t\t\t<section class=\"elementor-section elementor-inner-section elementor-element elementor-element-74a622a elementor-section-boxed elementor-section-height-default elementor-section-height-default\" data-id=\"74a622a\" data-element_type=\"section\">\n\t\t\t\t\t\t<div class=\"elementor-container elementor-column-gap-default\">\n\t\t\t\t\t<div class=\"elementor-column elementor-col-100 elementor-inner-column elementor-element elementor-element-268324c\" data-id=\"268324c\" data-element_type=\"column\">\n\t\t\t<div class=\"elementor-widget-wrap elementor-element-populated\">\n\t\t\t\t\t\t<div class=\"elementor-element elementor-element-da4d571 elementor-widget elementor-widget-image\" data-id=\"da4d571\" data-element_type=\"widget\" data-widget_type=\"image.default\">\n\t\t\t\t<div class=\"elementor-widget-container\">\n\t\t\t\t\t\t\t\t\t\t\t\t\t\t\t<img fetchpriority=\"high\" decoding=\"async\" width=\"1024\" height=\"768\" src=\"https:\/\/fitclinic.pt\/wp-content\/uploads\/2022\/05\/tiffany-nguyen-1dvIeM57k3I-unsplash-1024x768.jpg\" class=\"attachment-large size-large wp-image-11533\" alt=\"\" srcset=\"https:\/\/fitclinic.pt\/wp-content\/uploads\/2022\/05\/tiffany-nguyen-1dvIeM57k3I-unsplash-1024x768.jpg 1024w, https:\/\/fitclinic.pt\/wp-content\/uploads\/2022\/05\/tiffany-nguyen-1dvIeM57k3I-unsplash-300x225.jpg 300w, https:\/\/fitclinic.pt\/wp-content\/uploads\/2022\/05\/tiffany-nguyen-1dvIeM57k3I-unsplash-768x576.jpg 768w, https:\/\/fitclinic.pt\/wp-content\/uploads\/2022\/05\/tiffany-nguyen-1dvIeM57k3I-unsplash-1536x1152.jpg 1536w, https:\/\/fitclinic.pt\/wp-content\/uploads\/2022\/05\/tiffany-nguyen-1dvIeM57k3I-unsplash-2048x1536.jpg 2048w\" sizes=\"(max-width: 1024px) 100vw, 1024px\" \/>\t\t\t\t\t\t\t\t\t\t\t\t\t\t\t<\/div>\n\t\t\t\t<\/div>\n\t\t\t\t\t<\/div>\n\t\t<\/div>\n\t\t\t\t\t<\/div>\n\t\t<\/section>\n\t\t\t\t\t<\/div>\n\t\t<\/div>\n\t\t\t\t<div class=\"elementor-column elementor-col-50 elementor-top-column elementor-element elementor-element-2dea6da elementor-hidden-phone\" data-id=\"2dea6da\" data-element_type=\"column\">\n\t\t\t<div class=\"elementor-widget-wrap elementor-element-populated\">\n\t\t\t\t\t\t<div class=\"elementor-element elementor-element-f7da8e0 elementor-widget elementor-widget-image\" data-id=\"f7da8e0\" data-element_type=\"widget\" data-widget_type=\"image.default\">\n\t\t\t\t<div class=\"elementor-widget-container\">\n\t\t\t\t\t\t\t\t\t\t\t\t\t\t\t<img decoding=\"async\" width=\"1024\" height=\"683\" src=\"https:\/\/fitclinic.pt\/wp-content\/uploads\/2022\/08\/shutterstock_1727424385-1024x683.jpg\" class=\"attachment-large size-large wp-image-12590\" alt=\"\" srcset=\"https:\/\/fitclinic.pt\/wp-content\/uploads\/2022\/08\/shutterstock_1727424385-1024x683.jpg 1024w, https:\/\/fitclinic.pt\/wp-content\/uploads\/2022\/08\/shutterstock_1727424385-300x200.jpg 300w, https:\/\/fitclinic.pt\/wp-content\/uploads\/2022\/08\/shutterstock_1727424385-768x512.jpg 768w, https:\/\/fitclinic.pt\/wp-content\/uploads\/2022\/08\/shutterstock_1727424385-1536x1024.jpg 1536w, https:\/\/fitclinic.pt\/wp-content\/uploads\/2022\/08\/shutterstock_1727424385-2048x1365.jpg 2048w\" sizes=\"(max-width: 1024px) 100vw, 1024px\" \/>\t\t\t\t\t\t\t\t\t\t\t\t\t\t\t<\/div>\n\t\t\t\t<\/div>\n\t\t\t\t\t<\/div>\n\t\t<\/div>\n\t\t\t\t\t<\/div>\n\t\t<\/section>\n\t\t\t\t<section class=\"elementor-section elementor-top-section elementor-element elementor-element-4269091 elementor-section-boxed elementor-section-height-default elementor-section-height-default\" data-id=\"4269091\" data-element_type=\"section\" data-settings=\"{&quot;background_background&quot;:&quot;classic&quot;}\">\n\t\t\t\t\t\t\t<div class=\"elementor-background-overlay\"><\/div>\n\t\t\t\t\t\t\t<div class=\"elementor-container elementor-column-gap-default\">\n\t\t\t\t\t<div class=\"elementor-column elementor-col-100 elementor-top-column elementor-element elementor-element-3471869\" data-id=\"3471869\" data-element_type=\"column\">\n\t\t\t<div class=\"elementor-widget-wrap elementor-element-populated\">\n\t\t\t\t\t\t<div class=\"elementor-element elementor-element-b18bf78 elementor-widget elementor-widget-heading\" data-id=\"b18bf78\" data-element_type=\"widget\" data-widget_type=\"heading.default\">\n\t\t\t\t<div class=\"elementor-widget-container\">\n\t\t\t\t\t<h2 class=\"elementor-heading-title elementor-size-default\">Acerca da Hidrata\u00e7\u00e3o Profunda\u200b<\/h2>\t\t\t\t<\/div>\n\t\t\t\t<\/div>\n\t\t\t\t<div class=\"elementor-element elementor-element-66a15dc elementor-drop-cap-yes elementor-drop-cap-view-default elementor-widget elementor-widget-text-editor\" data-id=\"66a15dc\" data-element_type=\"widget\" data-settings=\"{&quot;drop_cap&quot;:&quot;yes&quot;}\" data-widget_type=\"text-editor.default\">\n\t\t\t\t<div class=\"elementor-widget-container\">\n\t\t\t\t\t\t\t\t\t<section id=\"sp-main-body\"><div class=\"row\"><p>Este tratamento foi especialmente criado para cuidar de peles desidratadas, cansadas e com falta de luminosidade, e vai ajudar na elimina\u00e7\u00e3o de c\u00e9lulas mortas, oferecendo uma hidrata\u00e7\u00e3o profunda e duradoura, indispens\u00e1vel para a sa\u00fade da nossa pele.<\/p><p>Este tratamento \u00e9 para todos os tipo de pele e protege contra o envelhecimento prematuro.<\/p><\/div><\/section>\t\t\t\t\t\t\t\t<\/div>\n\t\t\t\t<\/div>\n\t\t\t\t\t<\/div>\n\t\t<\/div>\n\t\t\t\t\t<\/div>\n\t\t<\/section>\n\t\t\t\t<\/div>","protected":false},"excerpt":{"rendered":"<p>EST\u00c9TICA &gt; ROSTO Hidrata\u00e7\u00e3o Profunda Acerca da Hidrata\u00e7\u00e3o Profunda\u200b Este tratamento foi especialmente criado para cuidar de peles desidratadas, cansadas e com falta de luminosidade, e vai ajudar na elimina\u00e7\u00e3o de c\u00e9lulas mortas, oferecendo uma hidrata\u00e7\u00e3o profunda e duradoura, indispens\u00e1vel para a sa\u00fade da nossa pele. Este tratamento \u00e9 para todos os tipo de pele [&hellip;]<\/p>","protected":false},"author":1,"featured_media":0,"parent":13154,"menu_order":8,"comment_status":"closed","ping_status":"closed","template":"","meta":{"site-sidebar-layout":"no-sidebar","site-content-layout":"page-builder","ast-site-content-layout":"default","site-content-style":"default","site-sidebar-style":"default","ast-global-header-display":"","ast-banner-title-visibility":"","ast-main-header-display":"","ast-hfb-above-header-display":"","ast-hfb-below-header-display":"","ast-hfb-mobile-header-display":"","site-post-title":"disabled","ast-breadcrumbs-content":"","ast-featured-img":"disabled","footer-sml-layout":"","ast-disable-related-posts":"","theme-transparent-header-meta":"default","adv-header-id-meta":"","stick-header-meta":"","header-above-stick-meta":"","header-main-stick-meta":"","header-below-stick-meta":"","astra-migrate-meta-layouts":"default","ast-page-background-enabled":"default","ast-page-background-meta":{"desktop":{"background-color":"","background-image":"","background-repeat":"repeat","background-position":"center center","background-size":"auto","background-attachment":"scroll","background-type":"","background-media":"","overlay-type":"","overlay-color":"","overlay-opacity":"","overlay-gradient":""},"tablet":{"background-color":"","background-image":"","background-repeat":"repeat","background-position":"center center","background-size":"auto","background-attachment":"scroll","background-type":"","background-media":"","overlay-type":"","overlay-color":"","overlay-opacity":"","overlay-gradient":""},"mobile":{"background-color":"","background-image":"","background-repeat":"repeat","background-position":"center center","background-size":"auto","background-attachment":"scroll","background-type":"","background-media":"","overlay-type":"","overlay-color":"","overlay-opacity":"","overlay-gradient":""}},"ast-content-background-meta":{"desktop":{"background-color":"var(--ast-global-color-5)","background-image":"","background-repeat":"repeat","background-position":"center center","background-size":"auto","background-attachment":"scroll","background-type":"","background-media":"","overlay-type":"","overlay-color":"","overlay-opacity":"","overlay-gradient":""},"tablet":{"background-color":"var(--ast-global-color-5)","background-image":"","background-repeat":"repeat","background-position":"center center","background-size":"auto","background-attachment":"scroll","background-type":"","background-media":"","overlay-type":"","overlay-color":"","overlay-opacity":"","overlay-gradient":""},"mobile":{"background-color":"var(--ast-global-color-5)","background-image":"","background-repeat":"repeat","background-position":"center center","background-size":"auto","background-attachment":"scroll","background-type":"","background-media":"","overlay-type":"","overlay-color":"","overlay-opacity":"","overlay-gradient":""}},"footnotes":""},"class_list":["post-11696","page","type-page","status-publish","hentry"],"_links":{"self":[{"href":"https:\/\/fitclinic.pt\/en\/wp-json\/wp\/v2\/pages\/11696","targetHints":{"allow":["GET"]}}],"collection":[{"href":"https:\/\/fitclinic.pt\/en\/wp-json\/wp\/v2\/pages"}],"about":[{"href":"https:\/\/fitclinic.pt\/en\/wp-json\/wp\/v2\/types\/page"}],"author":[{"embeddable":true,"href":"https:\/\/fitclinic.pt\/en\/wp-json\/wp\/v2\/users\/1"}],"replies":[{"embeddable":true,"href":"https:\/\/fitclinic.pt\/en\/wp-json\/wp\/v2\/comments?post=11696"}],"version-history":[{"count":0,"href":"https:\/\/fitclinic.pt\/en\/wp-json\/wp\/v2\/pages\/11696\/revisions"}],"up":[{"embeddable":true,"href":"https:\/\/fitclinic.pt\/en\/wp-json\/wp\/v2\/pages\/13154"}],"wp:attachment":[{"href":"https:\/\/fitclinic.pt\/en\/wp-json\/wp\/v2\/media?parent=11696"}],"curies":[{"name":"wp","href":"https:\/\/api.w.org\/{rel}","templated":true}]}}