{"id":11697,"date":"2022-06-06T03:50:27","date_gmt":"2022-06-06T03:50:27","guid":{"rendered":"https:\/\/fitclinic.pt\/?page_id=11697"},"modified":"2022-12-12T21:12:17","modified_gmt":"2022-12-12T21:12:17","slug":"rejuvenescimento-facial","status":"publish","type":"page","link":"https:\/\/fitclinic.pt\/en\/tratamentos-de-estetica\/rosto\/rejuvenescimento-facial\/","title":{"rendered":"Facial Rejuvenation"},"content":{"rendered":"<div data-elementor-type=\"wp-page\" data-elementor-id=\"11697\" class=\"elementor elementor-11697\" data-elementor-post-type=\"page\">\n\t\t\t\t\t\t<section class=\"elementor-section elementor-top-section elementor-element elementor-element-d3bdb6b elementor-section-full_width elementor-section-height-min-height elementor-section-height-default elementor-section-items-middle\" data-id=\"d3bdb6b\" data-element_type=\"section\">\n\t\t\t\t\t\t<div class=\"elementor-container elementor-column-gap-default\">\n\t\t\t\t\t<div class=\"elementor-column elementor-col-50 elementor-top-column elementor-element elementor-element-3c2ca8d\" data-id=\"3c2ca8d\" data-element_type=\"column\">\n\t\t\t<div class=\"elementor-widget-wrap elementor-element-populated\">\n\t\t\t\t\t\t<section class=\"elementor-section elementor-inner-section elementor-element elementor-element-57030d7 elementor-section-height-min-height elementor-section-boxed elementor-section-height-default\" data-id=\"57030d7\" data-element_type=\"section\">\n\t\t\t\t\t\t<div class=\"elementor-container elementor-column-gap-default\">\n\t\t\t\t\t<div class=\"elementor-column elementor-col-100 elementor-inner-column elementor-element elementor-element-6e61b80\" data-id=\"6e61b80\" data-element_type=\"column\" data-settings=\"{&quot;background_background&quot;:&quot;classic&quot;}\">\n\t\t\t<div class=\"elementor-widget-wrap elementor-element-populated\">\n\t\t\t\t\t<div class=\"elementor-background-overlay\"><\/div>\n\t\t\t\t\t\t<div class=\"elementor-element elementor-element-04ebe67 elementor-widget elementor-widget-text-editor\" data-id=\"04ebe67\" data-element_type=\"widget\" data-widget_type=\"text-editor.default\">\n\t\t\t\t<div class=\"elementor-widget-container\">\n\t\t\t\t\t\t\t\t\t<p>EST\u00c9TICA &gt; ROSTO<\/p>\t\t\t\t\t\t\t\t<\/div>\n\t\t\t\t<\/div>\n\t\t\t\t<div class=\"elementor-element elementor-element-e5febd1 elementor-widget elementor-widget-heading\" data-id=\"e5febd1\" data-element_type=\"widget\" data-widget_type=\"heading.default\">\n\t\t\t\t<div class=\"elementor-widget-container\">\n\t\t\t\t\t<h2 class=\"elementor-heading-title elementor-size-default\">Facial Rejuvenation<\/h2>\t\t\t\t<\/div>\n\t\t\t\t<\/div>\n\t\t\t\t\t<\/div>\n\t\t<\/div>\n\t\t\t\t\t<\/div>\n\t\t<\/section>\n\t\t\t\t<section class=\"elementor-section elementor-inner-section elementor-element elementor-element-d95a907 elementor-section-boxed elementor-section-height-default elementor-section-height-default\" data-id=\"d95a907\" data-element_type=\"section\">\n\t\t\t\t\t\t<div class=\"elementor-container elementor-column-gap-default\">\n\t\t\t\t\t<div class=\"elementor-column elementor-col-100 elementor-inner-column elementor-element elementor-element-3f7d4e0\" data-id=\"3f7d4e0\" data-element_type=\"column\">\n\t\t\t<div class=\"elementor-widget-wrap elementor-element-populated\">\n\t\t\t\t\t\t<div class=\"elementor-element elementor-element-82c158c elementor-widget elementor-widget-image\" data-id=\"82c158c\" data-element_type=\"widget\" data-widget_type=\"image.default\">\n\t\t\t\t<div class=\"elementor-widget-container\">\n\t\t\t\t\t\t\t\t\t\t\t\t\t\t\t<img fetchpriority=\"high\" decoding=\"async\" width=\"1024\" height=\"768\" src=\"https:\/\/fitclinic.pt\/wp-content\/uploads\/2022\/05\/tiffany-nguyen-1dvIeM57k3I-unsplash-1024x768.jpg\" class=\"attachment-large size-large wp-image-11533\" alt=\"\" srcset=\"https:\/\/fitclinic.pt\/wp-content\/uploads\/2022\/05\/tiffany-nguyen-1dvIeM57k3I-unsplash-1024x768.jpg 1024w, https:\/\/fitclinic.pt\/wp-content\/uploads\/2022\/05\/tiffany-nguyen-1dvIeM57k3I-unsplash-300x225.jpg 300w, https:\/\/fitclinic.pt\/wp-content\/uploads\/2022\/05\/tiffany-nguyen-1dvIeM57k3I-unsplash-768x576.jpg 768w, https:\/\/fitclinic.pt\/wp-content\/uploads\/2022\/05\/tiffany-nguyen-1dvIeM57k3I-unsplash-1536x1152.jpg 1536w, https:\/\/fitclinic.pt\/wp-content\/uploads\/2022\/05\/tiffany-nguyen-1dvIeM57k3I-unsplash-2048x1536.jpg 2048w\" sizes=\"(max-width: 1024px) 100vw, 1024px\" \/>\t\t\t\t\t\t\t\t\t\t\t\t\t\t\t<\/div>\n\t\t\t\t<\/div>\n\t\t\t\t\t<\/div>\n\t\t<\/div>\n\t\t\t\t\t<\/div>\n\t\t<\/section>\n\t\t\t\t\t<\/div>\n\t\t<\/div>\n\t\t\t\t<div class=\"elementor-column elementor-col-50 elementor-top-column elementor-element elementor-element-638fa7b elementor-hidden-phone\" data-id=\"638fa7b\" data-element_type=\"column\">\n\t\t\t<div class=\"elementor-widget-wrap elementor-element-populated\">\n\t\t\t\t\t\t<div class=\"elementor-element elementor-element-297a539 elementor-widget elementor-widget-image\" data-id=\"297a539\" data-element_type=\"widget\" data-widget_type=\"image.default\">\n\t\t\t\t<div class=\"elementor-widget-container\">\n\t\t\t\t\t\t\t\t\t\t\t\t\t\t\t<img decoding=\"async\" width=\"1024\" height=\"683\" src=\"https:\/\/fitclinic.pt\/wp-content\/uploads\/2022\/08\/shutterstock_1918309769-1024x683.jpg\" class=\"attachment-large size-large wp-image-12513\" alt=\"\" srcset=\"https:\/\/fitclinic.pt\/wp-content\/uploads\/2022\/08\/shutterstock_1918309769-1024x683.jpg 1024w, https:\/\/fitclinic.pt\/wp-content\/uploads\/2022\/08\/shutterstock_1918309769-300x200.jpg 300w, https:\/\/fitclinic.pt\/wp-content\/uploads\/2022\/08\/shutterstock_1918309769-768x512.jpg 768w, https:\/\/fitclinic.pt\/wp-content\/uploads\/2022\/08\/shutterstock_1918309769-1536x1024.jpg 1536w, https:\/\/fitclinic.pt\/wp-content\/uploads\/2022\/08\/shutterstock_1918309769-2048x1366.jpg 2048w\" sizes=\"(max-width: 1024px) 100vw, 1024px\" \/>\t\t\t\t\t\t\t\t\t\t\t\t\t\t\t<\/div>\n\t\t\t\t<\/div>\n\t\t\t\t\t<\/div>\n\t\t<\/div>\n\t\t\t\t\t<\/div>\n\t\t<\/section>\n\t\t\t\t<section class=\"elementor-section elementor-top-section elementor-element elementor-element-7c603be elementor-section-boxed elementor-section-height-default elementor-section-height-default\" data-id=\"7c603be\" data-element_type=\"section\" data-settings=\"{&quot;background_background&quot;:&quot;classic&quot;}\">\n\t\t\t\t\t\t\t<div class=\"elementor-background-overlay\"><\/div>\n\t\t\t\t\t\t\t<div class=\"elementor-container elementor-column-gap-default\">\n\t\t\t\t\t<div class=\"elementor-column elementor-col-100 elementor-top-column elementor-element elementor-element-b913aec\" data-id=\"b913aec\" data-element_type=\"column\">\n\t\t\t<div class=\"elementor-widget-wrap elementor-element-populated\">\n\t\t\t\t\t\t<div class=\"elementor-element elementor-element-ee72f85 elementor-widget elementor-widget-heading\" data-id=\"ee72f85\" data-element_type=\"widget\" data-widget_type=\"heading.default\">\n\t\t\t\t<div class=\"elementor-widget-container\">\n\t\t\t\t\t<h2 class=\"elementor-heading-title elementor-size-default\">Acerca do Rejuvenescimento Facial<\/h2>\t\t\t\t<\/div>\n\t\t\t\t<\/div>\n\t\t\t\t<div class=\"elementor-element elementor-element-3cab2cd elementor-drop-cap-yes elementor-drop-cap-view-default elementor-widget elementor-widget-text-editor\" data-id=\"3cab2cd\" data-element_type=\"widget\" data-settings=\"{&quot;drop_cap&quot;:&quot;yes&quot;}\" data-widget_type=\"text-editor.default\">\n\t\t\t\t<div class=\"elementor-widget-container\">\n\t\t\t\t\t\t\t\t\t<section id=\"sp-main-body\">\n<div class=\"row\">\n<p>O tratamento de rejuvenescimento facial consiste numa jun\u00e7\u00e3o \u00fanica de tratamentos e t\u00e9cnicas que v\u00e3o promover a hidrata\u00e7\u00e3o profunda, regenera\u00e7\u00e3o celular e estimula\u00e7\u00e3o de colag\u00e9nio e elastina.<\/p>\n<\/div>\n<\/section>\t\t\t\t\t\t\t\t<\/div>\n\t\t\t\t<\/div>\n\t\t\t\t\t<\/div>\n\t\t<\/div>\n\t\t\t\t\t<\/div>\n\t\t<\/section>\n\t\t\t\t<\/div>","protected":false},"excerpt":{"rendered":"<p>EST\u00c9TICA &gt; ROSTO Rejuvenescimento Facial Acerca do Rejuvenescimento Facial O tratamento de rejuvenescimento facial consiste numa jun\u00e7\u00e3o \u00fanica de tratamentos e t\u00e9cnicas que v\u00e3o promover a hidrata\u00e7\u00e3o profunda, regenera\u00e7\u00e3o celular e estimula\u00e7\u00e3o de colag\u00e9nio e elastina.<\/p>","protected":false},"author":1,"featured_media":0,"parent":13154,"menu_order":9,"comment_status":"closed","ping_status":"closed","template":"","meta":{"site-sidebar-layout":"no-sidebar","site-content-layout":"page-builder","ast-site-content-layout":"default","site-content-style":"default","site-sidebar-style":"default","ast-global-header-display":"","ast-banner-title-visibility":"","ast-main-header-display":"","ast-hfb-above-header-display":"","ast-hfb-below-header-display":"","ast-hfb-mobile-header-display":"","site-post-title":"disabled","ast-breadcrumbs-content":"","ast-featured-img":"disabled","footer-sml-layout":"","ast-disable-related-posts":"","theme-transparent-header-meta":"default","adv-header-id-meta":"","stick-header-meta":"","header-above-stick-meta":"","header-main-stick-meta":"","header-below-stick-meta":"","astra-migrate-meta-layouts":"default","ast-page-background-enabled":"default","ast-page-background-meta":{"desktop":{"background-color":"","background-image":"","background-repeat":"repeat","background-position":"center center","background-size":"auto","background-attachment":"scroll","background-type":"","background-media":"","overlay-type":"","overlay-color":"","overlay-opacity":"","overlay-gradient":""},"tablet":{"background-color":"","background-image":"","background-repeat":"repeat","background-position":"center center","background-size":"auto","background-attachment":"scroll","background-type":"","background-media":"","overlay-type":"","overlay-color":"","overlay-opacity":"","overlay-gradient":""},"mobile":{"background-color":"","background-image":"","background-repeat":"repeat","background-position":"center center","background-size":"auto","background-attachment":"scroll","background-type":"","background-media":"","overlay-type":"","overlay-color":"","overlay-opacity":"","overlay-gradient":""}},"ast-content-background-meta":{"desktop":{"background-color":"var(--ast-global-color-5)","background-image":"","background-repeat":"repeat","background-position":"center center","background-size":"auto","background-attachment":"scroll","background-type":"","background-media":"","overlay-type":"","overlay-color":"","overlay-opacity":"","overlay-gradient":""},"tablet":{"background-color":"var(--ast-global-color-5)","background-image":"","background-repeat":"repeat","background-position":"center center","background-size":"auto","background-attachment":"scroll","background-type":"","background-media":"","overlay-type":"","overlay-color":"","overlay-opacity":"","overlay-gradient":""},"mobile":{"background-color":"var(--ast-global-color-5)","background-image":"","background-repeat":"repeat","background-position":"center center","background-size":"auto","background-attachment":"scroll","background-type":"","background-media":"","overlay-type":"","overlay-color":"","overlay-opacity":"","overlay-gradient":""}},"footnotes":""},"class_list":["post-11697","page","type-page","status-publish","hentry"],"_links":{"self":[{"href":"https:\/\/fitclinic.pt\/en\/wp-json\/wp\/v2\/pages\/11697","targetHints":{"allow":["GET"]}}],"collection":[{"href":"https:\/\/fitclinic.pt\/en\/wp-json\/wp\/v2\/pages"}],"about":[{"href":"https:\/\/fitclinic.pt\/en\/wp-json\/wp\/v2\/types\/page"}],"author":[{"embeddable":true,"href":"https:\/\/fitclinic.pt\/en\/wp-json\/wp\/v2\/users\/1"}],"replies":[{"embeddable":true,"href":"https:\/\/fitclinic.pt\/en\/wp-json\/wp\/v2\/comments?post=11697"}],"version-history":[{"count":0,"href":"https:\/\/fitclinic.pt\/en\/wp-json\/wp\/v2\/pages\/11697\/revisions"}],"up":[{"embeddable":true,"href":"https:\/\/fitclinic.pt\/en\/wp-json\/wp\/v2\/pages\/13154"}],"wp:attachment":[{"href":"https:\/\/fitclinic.pt\/en\/wp-json\/wp\/v2\/media?parent=11697"}],"curies":[{"name":"wp","href":"https:\/\/api.w.org\/{rel}","templated":true}]}}