{"id":11769,"date":"2022-06-06T13:52:05","date_gmt":"2022-06-06T13:52:05","guid":{"rendered":"https:\/\/fitclinic.pt\/?page_id=11769"},"modified":"2022-12-12T20:56:25","modified_gmt":"2022-12-12T20:56:25","slug":"doublecorp","status":"publish","type":"page","link":"https:\/\/fitclinic.pt\/en\/tratamentos-de-estetica\/corpo\/doublecorp\/","title":{"rendered":"doublecorp"},"content":{"rendered":"<div data-elementor-type=\"wp-page\" data-elementor-id=\"11769\" class=\"elementor elementor-11769\" data-elementor-post-type=\"page\">\n\t\t\t\t\t\t<section class=\"elementor-section elementor-top-section elementor-element elementor-element-cfb293c elementor-section-full_width elementor-section-height-min-height elementor-section-height-default elementor-section-items-middle\" data-id=\"cfb293c\" data-element_type=\"section\">\n\t\t\t\t\t\t<div class=\"elementor-container elementor-column-gap-default\">\n\t\t\t\t\t<div class=\"elementor-column elementor-col-50 elementor-top-column elementor-element elementor-element-9a994ac\" data-id=\"9a994ac\" data-element_type=\"column\">\n\t\t\t<div class=\"elementor-widget-wrap elementor-element-populated\">\n\t\t\t\t\t\t<section class=\"elementor-section elementor-inner-section elementor-element elementor-element-94a54d8 elementor-section-height-min-height elementor-section-boxed elementor-section-height-default\" data-id=\"94a54d8\" data-element_type=\"section\">\n\t\t\t\t\t\t<div class=\"elementor-container elementor-column-gap-default\">\n\t\t\t\t\t<div class=\"elementor-column elementor-col-100 elementor-inner-column elementor-element elementor-element-6bbbd2c\" data-id=\"6bbbd2c\" data-element_type=\"column\" data-settings=\"{&quot;background_background&quot;:&quot;classic&quot;}\">\n\t\t\t<div class=\"elementor-widget-wrap elementor-element-populated\">\n\t\t\t\t\t<div class=\"elementor-background-overlay\"><\/div>\n\t\t\t\t\t\t<div class=\"elementor-element elementor-element-49bec16 elementor-widget elementor-widget-text-editor\" data-id=\"49bec16\" data-element_type=\"widget\" data-widget_type=\"text-editor.default\">\n\t\t\t\t<div class=\"elementor-widget-container\">\n\t\t\t\t\t\t\t\t\t<p>EST\u00c9TICA &gt; CORPO<\/p>\t\t\t\t\t\t\t\t<\/div>\n\t\t\t\t<\/div>\n\t\t\t\t<div class=\"elementor-element elementor-element-3c88843 elementor-widget elementor-widget-heading\" data-id=\"3c88843\" data-element_type=\"widget\" data-widget_type=\"heading.default\">\n\t\t\t\t<div class=\"elementor-widget-container\">\n\t\t\t\t\t<h2 class=\"elementor-heading-title elementor-size-default\">Doublecorp - Cavita\u00e7\u00e3o e radiofrequ\u00eancia<\/h2>\t\t\t\t<\/div>\n\t\t\t\t<\/div>\n\t\t\t\t\t<\/div>\n\t\t<\/div>\n\t\t\t\t\t<\/div>\n\t\t<\/section>\n\t\t\t\t<section class=\"elementor-section elementor-inner-section elementor-element elementor-element-c1ae396 elementor-section-boxed elementor-section-height-default elementor-section-height-default\" data-id=\"c1ae396\" data-element_type=\"section\">\n\t\t\t\t\t\t<div class=\"elementor-container elementor-column-gap-default\">\n\t\t\t\t\t<div class=\"elementor-column elementor-col-100 elementor-inner-column elementor-element elementor-element-677db93\" data-id=\"677db93\" data-element_type=\"column\">\n\t\t\t<div class=\"elementor-widget-wrap elementor-element-populated\">\n\t\t\t\t\t\t<div class=\"elementor-element elementor-element-2220530 elementor-widget elementor-widget-image\" data-id=\"2220530\" data-element_type=\"widget\" data-widget_type=\"image.default\">\n\t\t\t\t<div class=\"elementor-widget-container\">\n\t\t\t\t\t\t\t\t\t\t\t\t\t\t\t<img fetchpriority=\"high\" decoding=\"async\" width=\"1024\" height=\"768\" src=\"https:\/\/fitclinic.pt\/wp-content\/uploads\/2022\/05\/tiffany-nguyen-1dvIeM57k3I-unsplash-1024x768.jpg\" class=\"attachment-large size-large wp-image-11533\" alt=\"\" srcset=\"https:\/\/fitclinic.pt\/wp-content\/uploads\/2022\/05\/tiffany-nguyen-1dvIeM57k3I-unsplash-1024x768.jpg 1024w, https:\/\/fitclinic.pt\/wp-content\/uploads\/2022\/05\/tiffany-nguyen-1dvIeM57k3I-unsplash-300x225.jpg 300w, https:\/\/fitclinic.pt\/wp-content\/uploads\/2022\/05\/tiffany-nguyen-1dvIeM57k3I-unsplash-768x576.jpg 768w, https:\/\/fitclinic.pt\/wp-content\/uploads\/2022\/05\/tiffany-nguyen-1dvIeM57k3I-unsplash-1536x1152.jpg 1536w, https:\/\/fitclinic.pt\/wp-content\/uploads\/2022\/05\/tiffany-nguyen-1dvIeM57k3I-unsplash-2048x1536.jpg 2048w\" sizes=\"(max-width: 1024px) 100vw, 1024px\" \/>\t\t\t\t\t\t\t\t\t\t\t\t\t\t\t<\/div>\n\t\t\t\t<\/div>\n\t\t\t\t\t<\/div>\n\t\t<\/div>\n\t\t\t\t\t<\/div>\n\t\t<\/section>\n\t\t\t\t\t<\/div>\n\t\t<\/div>\n\t\t\t\t<div class=\"elementor-column elementor-col-50 elementor-top-column elementor-element elementor-element-2c089ed elementor-hidden-phone\" data-id=\"2c089ed\" data-element_type=\"column\">\n\t\t\t<div class=\"elementor-widget-wrap elementor-element-populated\">\n\t\t\t\t\t\t<div class=\"elementor-element elementor-element-32aa7e7 elementor-widget elementor-widget-image\" data-id=\"32aa7e7\" data-element_type=\"widget\" data-widget_type=\"image.default\">\n\t\t\t\t<div class=\"elementor-widget-container\">\n\t\t\t\t\t\t\t\t\t\t\t\t\t\t\t<img decoding=\"async\" width=\"1024\" height=\"683\" src=\"https:\/\/fitclinic.pt\/wp-content\/uploads\/2022\/08\/shutterstock_1306190410-1024x683.jpg\" class=\"attachment-large size-large wp-image-12467\" alt=\"\" srcset=\"https:\/\/fitclinic.pt\/wp-content\/uploads\/2022\/08\/shutterstock_1306190410-1024x683.jpg 1024w, https:\/\/fitclinic.pt\/wp-content\/uploads\/2022\/08\/shutterstock_1306190410-300x200.jpg 300w, https:\/\/fitclinic.pt\/wp-content\/uploads\/2022\/08\/shutterstock_1306190410-768x512.jpg 768w, https:\/\/fitclinic.pt\/wp-content\/uploads\/2022\/08\/shutterstock_1306190410-1536x1024.jpg 1536w, https:\/\/fitclinic.pt\/wp-content\/uploads\/2022\/08\/shutterstock_1306190410-2048x1365.jpg 2048w\" sizes=\"(max-width: 1024px) 100vw, 1024px\" \/>\t\t\t\t\t\t\t\t\t\t\t\t\t\t\t<\/div>\n\t\t\t\t<\/div>\n\t\t\t\t\t<\/div>\n\t\t<\/div>\n\t\t\t\t\t<\/div>\n\t\t<\/section>\n\t\t\t\t<section class=\"elementor-section elementor-top-section elementor-element elementor-element-f4e0c4e elementor-section-boxed elementor-section-height-default elementor-section-height-default\" data-id=\"f4e0c4e\" data-element_type=\"section\" data-settings=\"{&quot;background_background&quot;:&quot;classic&quot;}\">\n\t\t\t\t\t\t\t<div class=\"elementor-background-overlay\"><\/div>\n\t\t\t\t\t\t\t<div class=\"elementor-container elementor-column-gap-default\">\n\t\t\t\t\t<div class=\"elementor-column elementor-col-100 elementor-top-column elementor-element elementor-element-51b6ea2\" data-id=\"51b6ea2\" data-element_type=\"column\">\n\t\t\t<div class=\"elementor-widget-wrap elementor-element-populated\">\n\t\t\t\t\t\t<div class=\"elementor-element elementor-element-a3f9c80 elementor-widget elementor-widget-heading\" data-id=\"a3f9c80\" data-element_type=\"widget\" data-widget_type=\"heading.default\">\n\t\t\t\t<div class=\"elementor-widget-container\">\n\t\t\t\t\t<h2 class=\"elementor-heading-title elementor-size-default\">Acerca do doublecorp<\/h2>\t\t\t\t<\/div>\n\t\t\t\t<\/div>\n\t\t\t\t<div class=\"elementor-element elementor-element-23d9efa elementor-drop-cap-yes elementor-drop-cap-view-default elementor-widget elementor-widget-text-editor\" data-id=\"23d9efa\" data-element_type=\"widget\" data-settings=\"{&quot;drop_cap&quot;:&quot;yes&quot;}\" data-widget_type=\"text-editor.default\">\n\t\t\t\t<div class=\"elementor-widget-container\">\n\t\t\t\t\t\t\t\t\t<p>\u00c9 o \u00fanico tratamento corporal que combina duas tecnologias simultaneamente, Ultrassons Tridimensionais e Radiofrequ\u00eancia, para multiplicar e potenciar os resultados desejados na\u00a0<strong>redu\u00e7\u00e3o da celulite e gordura localizada<\/strong>.<\/p>\t\t\t\t\t\t\t\t<\/div>\n\t\t\t\t<\/div>\n\t\t\t\t\t<\/div>\n\t\t<\/div>\n\t\t\t\t\t<\/div>\n\t\t<\/section>\n\t\t\t\t<\/div>","protected":false},"excerpt":{"rendered":"<p>EST\u00c9TICA &gt; CORPO Doublecorp &#8211; Cavita\u00e7\u00e3o e radiofrequ\u00eancia Acerca do doublecorp \u00c9 o \u00fanico tratamento corporal que combina duas tecnologias simultaneamente, Ultrassons Tridimensionais e Radiofrequ\u00eancia, para multiplicar e potenciar os resultados desejados na\u00a0redu\u00e7\u00e3o da celulite e gordura localizada.<\/p>","protected":false},"author":1,"featured_media":0,"parent":13156,"menu_order":1,"comment_status":"closed","ping_status":"closed","template":"","meta":{"site-sidebar-layout":"no-sidebar","site-content-layout":"page-builder","ast-site-content-layout":"default","site-content-style":"default","site-sidebar-style":"default","ast-global-header-display":"","ast-banner-title-visibility":"","ast-main-header-display":"","ast-hfb-above-header-display":"","ast-hfb-below-header-display":"","ast-hfb-mobile-header-display":"","site-post-title":"disabled","ast-breadcrumbs-content":"","ast-featured-img":"disabled","footer-sml-layout":"","ast-disable-related-posts":"","theme-transparent-header-meta":"default","adv-header-id-meta":"","stick-header-meta":"","header-above-stick-meta":"","header-main-stick-meta":"","header-below-stick-meta":"","astra-migrate-meta-layouts":"default","ast-page-background-enabled":"default","ast-page-background-meta":{"desktop":{"background-color":"","background-image":"","background-repeat":"repeat","background-position":"center center","background-size":"auto","background-attachment":"scroll","background-type":"","background-media":"","overlay-type":"","overlay-color":"","overlay-opacity":"","overlay-gradient":""},"tablet":{"background-color":"","background-image":"","background-repeat":"repeat","background-position":"center center","background-size":"auto","background-attachment":"scroll","background-type":"","background-media":"","overlay-type":"","overlay-color":"","overlay-opacity":"","overlay-gradient":""},"mobile":{"background-color":"","background-image":"","background-repeat":"repeat","background-position":"center center","background-size":"auto","background-attachment":"scroll","background-type":"","background-media":"","overlay-type":"","overlay-color":"","overlay-opacity":"","overlay-gradient":""}},"ast-content-background-meta":{"desktop":{"background-color":"var(--ast-global-color-5)","background-image":"","background-repeat":"repeat","background-position":"center center","background-size":"auto","background-attachment":"scroll","background-type":"","background-media":"","overlay-type":"","overlay-color":"","overlay-opacity":"","overlay-gradient":""},"tablet":{"background-color":"var(--ast-global-color-5)","background-image":"","background-repeat":"repeat","background-position":"center center","background-size":"auto","background-attachment":"scroll","background-type":"","background-media":"","overlay-type":"","overlay-color":"","overlay-opacity":"","overlay-gradient":""},"mobile":{"background-color":"var(--ast-global-color-5)","background-image":"","background-repeat":"repeat","background-position":"center center","background-size":"auto","background-attachment":"scroll","background-type":"","background-media":"","overlay-type":"","overlay-color":"","overlay-opacity":"","overlay-gradient":""}},"footnotes":""},"class_list":["post-11769","page","type-page","status-publish","hentry"],"_links":{"self":[{"href":"https:\/\/fitclinic.pt\/en\/wp-json\/wp\/v2\/pages\/11769","targetHints":{"allow":["GET"]}}],"collection":[{"href":"https:\/\/fitclinic.pt\/en\/wp-json\/wp\/v2\/pages"}],"about":[{"href":"https:\/\/fitclinic.pt\/en\/wp-json\/wp\/v2\/types\/page"}],"author":[{"embeddable":true,"href":"https:\/\/fitclinic.pt\/en\/wp-json\/wp\/v2\/users\/1"}],"replies":[{"embeddable":true,"href":"https:\/\/fitclinic.pt\/en\/wp-json\/wp\/v2\/comments?post=11769"}],"version-history":[{"count":0,"href":"https:\/\/fitclinic.pt\/en\/wp-json\/wp\/v2\/pages\/11769\/revisions"}],"up":[{"embeddable":true,"href":"https:\/\/fitclinic.pt\/en\/wp-json\/wp\/v2\/pages\/13156"}],"wp:attachment":[{"href":"https:\/\/fitclinic.pt\/en\/wp-json\/wp\/v2\/media?parent=11769"}],"curies":[{"name":"wp","href":"https:\/\/api.w.org\/{rel}","templated":true}]}}