{"id":13850,"date":"2022-12-12T19:21:39","date_gmt":"2022-12-12T19:21:39","guid":{"rendered":"https:\/\/staging.fitclinic.pt\/?page_id=13850"},"modified":"2022-12-12T21:20:19","modified_gmt":"2022-12-12T21:20:19","slug":"metodo-renata-franca","status":"publish","type":"page","link":"https:\/\/fitclinic.pt\/en\/tratamentos-de-estetica\/massagens\/metodo-renata-franca\/","title":{"rendered":"Renata Fran\u00e7a Method Massage"},"content":{"rendered":"<div data-elementor-type=\"wp-page\" data-elementor-id=\"13850\" class=\"elementor elementor-13850\" data-elementor-post-type=\"page\">\n\t\t\t\t\t\t<section class=\"elementor-section elementor-top-section elementor-element elementor-element-471f5c7 elementor-section-full_width elementor-section-height-min-height elementor-section-height-default elementor-section-items-middle\" data-id=\"471f5c7\" data-element_type=\"section\">\n\t\t\t\t\t\t<div class=\"elementor-container elementor-column-gap-default\">\n\t\t\t\t\t<div class=\"elementor-column elementor-col-50 elementor-top-column elementor-element elementor-element-8c37d28\" data-id=\"8c37d28\" data-element_type=\"column\">\n\t\t\t<div class=\"elementor-widget-wrap elementor-element-populated\">\n\t\t\t\t\t\t<section class=\"elementor-section elementor-inner-section elementor-element elementor-element-b88f98e elementor-section-height-min-height elementor-section-boxed elementor-section-height-default\" data-id=\"b88f98e\" data-element_type=\"section\">\n\t\t\t\t\t\t<div class=\"elementor-container elementor-column-gap-default\">\n\t\t\t\t\t<div class=\"elementor-column elementor-col-100 elementor-inner-column elementor-element elementor-element-bf4bdb1\" data-id=\"bf4bdb1\" data-element_type=\"column\" data-settings=\"{&quot;background_background&quot;:&quot;classic&quot;}\">\n\t\t\t<div class=\"elementor-widget-wrap elementor-element-populated\">\n\t\t\t\t\t<div class=\"elementor-background-overlay\"><\/div>\n\t\t\t\t\t\t<div class=\"elementor-element elementor-element-55f90ca elementor-widget elementor-widget-text-editor\" data-id=\"55f90ca\" data-element_type=\"widget\" data-widget_type=\"text-editor.default\">\n\t\t\t\t<div class=\"elementor-widget-container\">\n\t\t\t\t\t\t\t\t\t<p>MASSAGENS<\/p>\t\t\t\t\t\t\t\t<\/div>\n\t\t\t\t<\/div>\n\t\t\t\t<div class=\"elementor-element elementor-element-620ffb1 elementor-widget elementor-widget-heading\" data-id=\"620ffb1\" data-element_type=\"widget\" data-widget_type=\"heading.default\">\n\t\t\t\t<div class=\"elementor-widget-container\">\n\t\t\t\t\t<h2 class=\"elementor-heading-title elementor-size-default\">Massagem m\u00e9todo renata fran\u00e7a<\/h2>\t\t\t\t<\/div>\n\t\t\t\t<\/div>\n\t\t\t\t\t<\/div>\n\t\t<\/div>\n\t\t\t\t\t<\/div>\n\t\t<\/section>\n\t\t\t\t<section class=\"elementor-section elementor-inner-section elementor-element elementor-element-c8d093f elementor-section-boxed elementor-section-height-default elementor-section-height-default\" data-id=\"c8d093f\" data-element_type=\"section\">\n\t\t\t\t\t\t<div class=\"elementor-container elementor-column-gap-default\">\n\t\t\t\t\t<div class=\"elementor-column elementor-col-100 elementor-inner-column elementor-element elementor-element-3cdb252\" data-id=\"3cdb252\" data-element_type=\"column\">\n\t\t\t<div class=\"elementor-widget-wrap elementor-element-populated\">\n\t\t\t\t\t\t<div class=\"elementor-element elementor-element-431af96 elementor-widget elementor-widget-image\" data-id=\"431af96\" data-element_type=\"widget\" data-widget_type=\"image.default\">\n\t\t\t\t<div class=\"elementor-widget-container\">\n\t\t\t\t\t\t\t\t\t\t\t\t\t\t\t<img fetchpriority=\"high\" decoding=\"async\" width=\"1024\" height=\"768\" src=\"https:\/\/fitclinic.pt\/wp-content\/uploads\/2022\/05\/tiffany-nguyen-1dvIeM57k3I-unsplash-1024x768.jpg\" class=\"attachment-large size-large wp-image-11533\" alt=\"\" srcset=\"https:\/\/fitclinic.pt\/wp-content\/uploads\/2022\/05\/tiffany-nguyen-1dvIeM57k3I-unsplash-1024x768.jpg 1024w, https:\/\/fitclinic.pt\/wp-content\/uploads\/2022\/05\/tiffany-nguyen-1dvIeM57k3I-unsplash-300x225.jpg 300w, https:\/\/fitclinic.pt\/wp-content\/uploads\/2022\/05\/tiffany-nguyen-1dvIeM57k3I-unsplash-768x576.jpg 768w, https:\/\/fitclinic.pt\/wp-content\/uploads\/2022\/05\/tiffany-nguyen-1dvIeM57k3I-unsplash-1536x1152.jpg 1536w, https:\/\/fitclinic.pt\/wp-content\/uploads\/2022\/05\/tiffany-nguyen-1dvIeM57k3I-unsplash-2048x1536.jpg 2048w\" sizes=\"(max-width: 1024px) 100vw, 1024px\" \/>\t\t\t\t\t\t\t\t\t\t\t\t\t\t\t<\/div>\n\t\t\t\t<\/div>\n\t\t\t\t\t<\/div>\n\t\t<\/div>\n\t\t\t\t\t<\/div>\n\t\t<\/section>\n\t\t\t\t\t<\/div>\n\t\t<\/div>\n\t\t\t\t<div class=\"elementor-column elementor-col-50 elementor-top-column elementor-element elementor-element-e79bbd3 elementor-hidden-phone\" data-id=\"e79bbd3\" data-element_type=\"column\">\n\t\t\t<div class=\"elementor-widget-wrap elementor-element-populated\">\n\t\t\t\t\t\t<div class=\"elementor-element elementor-element-011d434 elementor-widget elementor-widget-image\" data-id=\"011d434\" data-element_type=\"widget\" data-widget_type=\"image.default\">\n\t\t\t\t<div class=\"elementor-widget-container\">\n\t\t\t\t\t\t\t\t\t\t\t\t\t\t\t<img decoding=\"async\" width=\"975\" height=\"646\" src=\"https:\/\/fitclinic.pt\/wp-content\/uploads\/2022\/12\/massagem-metodo-renata-franca.jpg\" class=\"attachment-large size-large wp-image-13852\" alt=\"\" srcset=\"https:\/\/fitclinic.pt\/wp-content\/uploads\/2022\/12\/massagem-metodo-renata-franca.jpg 975w, https:\/\/fitclinic.pt\/wp-content\/uploads\/2022\/12\/massagem-metodo-renata-franca-300x199.jpg 300w, https:\/\/fitclinic.pt\/wp-content\/uploads\/2022\/12\/massagem-metodo-renata-franca-768x509.jpg 768w\" sizes=\"(max-width: 975px) 100vw, 975px\" \/>\t\t\t\t\t\t\t\t\t\t\t\t\t\t\t<\/div>\n\t\t\t\t<\/div>\n\t\t\t\t\t<\/div>\n\t\t<\/div>\n\t\t\t\t\t<\/div>\n\t\t<\/section>\n\t\t\t\t<section class=\"elementor-section elementor-top-section elementor-element elementor-element-f7e538b elementor-section-boxed elementor-section-height-default elementor-section-height-default\" data-id=\"f7e538b\" data-element_type=\"section\" data-settings=\"{&quot;background_background&quot;:&quot;classic&quot;}\">\n\t\t\t\t\t\t\t<div class=\"elementor-background-overlay\"><\/div>\n\t\t\t\t\t\t\t<div class=\"elementor-container elementor-column-gap-default\">\n\t\t\t\t\t<div class=\"elementor-column elementor-col-100 elementor-top-column elementor-element elementor-element-3d62d6c\" data-id=\"3d62d6c\" data-element_type=\"column\">\n\t\t\t<div class=\"elementor-widget-wrap elementor-element-populated\">\n\t\t\t\t\t\t<div class=\"elementor-element elementor-element-c2a2f21 elementor-widget elementor-widget-heading\" data-id=\"c2a2f21\" data-element_type=\"widget\" data-widget_type=\"heading.default\">\n\t\t\t\t<div class=\"elementor-widget-container\">\n\t\t\t\t\t<h2 class=\"elementor-heading-title elementor-size-default\">Acerca da Massagem M\u00e9todo Renata Fran\u00e7a<\/h2>\t\t\t\t<\/div>\n\t\t\t\t<\/div>\n\t\t\t\t<div class=\"elementor-element elementor-element-e3791c3 elementor-drop-cap-yes elementor-drop-cap-view-default elementor-widget elementor-widget-text-editor\" data-id=\"e3791c3\" data-element_type=\"widget\" data-settings=\"{&quot;drop_cap&quot;:&quot;yes&quot;}\" data-widget_type=\"text-editor.default\">\n\t\t\t\t<div class=\"elementor-widget-container\">\n\t\t\t\t\t\t\t\t\t<p>\u00c9 uma t\u00e9cnica de massagem cujos movimentos aplicados s\u00e3o constantes, ritmados e precisos, de press\u00e3o leve e por sua vez v\u00e3o estimular o sistema linf\u00e1tico, acelerando o processo de transporte da linfa para os g\u00e2nglios linf\u00e1ticos.<\/p>\t\t\t\t\t\t\t\t<\/div>\n\t\t\t\t<\/div>\n\t\t\t\t\t<\/div>\n\t\t<\/div>\n\t\t\t\t\t<\/div>\n\t\t<\/section>\n\t\t\t\t<\/div>","protected":false},"excerpt":{"rendered":"<p>MASSAGENS Massagem m\u00e9todo renata fran\u00e7a Acerca da Massagem M\u00e9todo Renata Fran\u00e7a \u00c9 uma t\u00e9cnica de massagem cujos movimentos aplicados s\u00e3o constantes, ritmados e precisos, de press\u00e3o leve e por sua vez v\u00e3o estimular o sistema linf\u00e1tico, acelerando o processo de transporte da linfa para os g\u00e2nglios linf\u00e1ticos.<\/p>","protected":false},"author":3,"featured_media":0,"parent":13158,"menu_order":5,"comment_status":"closed","ping_status":"closed","template":"","meta":{"site-sidebar-layout":"no-sidebar","site-content-layout":"page-builder","ast-site-content-layout":"default","site-content-style":"default","site-sidebar-style":"default","ast-global-header-display":"","ast-banner-title-visibility":"","ast-main-header-display":"","ast-hfb-above-header-display":"","ast-hfb-below-header-display":"","ast-hfb-mobile-header-display":"","site-post-title":"disabled","ast-breadcrumbs-content":"","ast-featured-img":"disabled","footer-sml-layout":"","ast-disable-related-posts":"","theme-transparent-header-meta":"default","adv-header-id-meta":"","stick-header-meta":"","header-above-stick-meta":"","header-main-stick-meta":"","header-below-stick-meta":"","astra-migrate-meta-layouts":"default","ast-page-background-enabled":"default","ast-page-background-meta":{"desktop":{"background-color":"","background-image":"","background-repeat":"repeat","background-position":"center center","background-size":"auto","background-attachment":"scroll","background-type":"","background-media":"","overlay-type":"","overlay-color":"","overlay-opacity":"","overlay-gradient":""},"tablet":{"background-color":"","background-image":"","background-repeat":"repeat","background-position":"center center","background-size":"auto","background-attachment":"scroll","background-type":"","background-media":"","overlay-type":"","overlay-color":"","overlay-opacity":"","overlay-gradient":""},"mobile":{"background-color":"","background-image":"","background-repeat":"repeat","background-position":"center center","background-size":"auto","background-attachment":"scroll","background-type":"","background-media":"","overlay-type":"","overlay-color":"","overlay-opacity":"","overlay-gradient":""}},"ast-content-background-meta":{"desktop":{"background-color":"var(--ast-global-color-5)","background-image":"","background-repeat":"repeat","background-position":"center center","background-size":"auto","background-attachment":"scroll","background-type":"","background-media":"","overlay-type":"","overlay-color":"","overlay-opacity":"","overlay-gradient":""},"tablet":{"background-color":"var(--ast-global-color-5)","background-image":"","background-repeat":"repeat","background-position":"center center","background-size":"auto","background-attachment":"scroll","background-type":"","background-media":"","overlay-type":"","overlay-color":"","overlay-opacity":"","overlay-gradient":""},"mobile":{"background-color":"var(--ast-global-color-5)","background-image":"","background-repeat":"repeat","background-position":"center center","background-size":"auto","background-attachment":"scroll","background-type":"","background-media":"","overlay-type":"","overlay-color":"","overlay-opacity":"","overlay-gradient":""}},"footnotes":""},"class_list":["post-13850","page","type-page","status-publish","hentry"],"_links":{"self":[{"href":"https:\/\/fitclinic.pt\/en\/wp-json\/wp\/v2\/pages\/13850","targetHints":{"allow":["GET"]}}],"collection":[{"href":"https:\/\/fitclinic.pt\/en\/wp-json\/wp\/v2\/pages"}],"about":[{"href":"https:\/\/fitclinic.pt\/en\/wp-json\/wp\/v2\/types\/page"}],"author":[{"embeddable":true,"href":"https:\/\/fitclinic.pt\/en\/wp-json\/wp\/v2\/users\/3"}],"replies":[{"embeddable":true,"href":"https:\/\/fitclinic.pt\/en\/wp-json\/wp\/v2\/comments?post=13850"}],"version-history":[{"count":0,"href":"https:\/\/fitclinic.pt\/en\/wp-json\/wp\/v2\/pages\/13850\/revisions"}],"up":[{"embeddable":true,"href":"https:\/\/fitclinic.pt\/en\/wp-json\/wp\/v2\/pages\/13158"}],"wp:attachment":[{"href":"https:\/\/fitclinic.pt\/en\/wp-json\/wp\/v2\/media?parent=13850"}],"curies":[{"name":"wp","href":"https:\/\/api.w.org\/{rel}","templated":true}]}}