{"id":14350,"date":"2022-12-13T01:58:26","date_gmt":"2022-12-13T01:58:26","guid":{"rendered":"https:\/\/staging.fitclinic.pt\/?page_id=14350"},"modified":"2022-12-13T02:08:58","modified_gmt":"2022-12-13T02:08:58","slug":"venus-legacy-radiofrequencia-4d","status":"publish","type":"page","link":"https:\/\/fitclinic.pt\/en\/tratamentos-de-estetica\/rosto\/venus-legacy-radiofrequencia-4d\/","title":{"rendered":"Venus Legacy \u2013 4D Radio Frequency"},"content":{"rendered":"<div data-elementor-type=\"wp-page\" data-elementor-id=\"14350\" class=\"elementor elementor-14350\" data-elementor-post-type=\"page\">\n\t\t\t\t\t\t<section class=\"elementor-section elementor-top-section elementor-element elementor-element-8cf2b8e elementor-section-full_width elementor-section-height-min-height elementor-section-height-default elementor-section-items-middle\" data-id=\"8cf2b8e\" data-element_type=\"section\">\n\t\t\t\t\t\t<div class=\"elementor-container elementor-column-gap-default\">\n\t\t\t\t\t<div class=\"elementor-column elementor-col-50 elementor-top-column elementor-element elementor-element-43433e4\" data-id=\"43433e4\" data-element_type=\"column\">\n\t\t\t<div class=\"elementor-widget-wrap elementor-element-populated\">\n\t\t\t\t\t\t<section class=\"elementor-section elementor-inner-section elementor-element elementor-element-b630dcf elementor-section-height-min-height elementor-section-boxed elementor-section-height-default\" data-id=\"b630dcf\" data-element_type=\"section\">\n\t\t\t\t\t\t<div class=\"elementor-container elementor-column-gap-default\">\n\t\t\t\t\t<div class=\"elementor-column elementor-col-100 elementor-inner-column elementor-element elementor-element-531f714\" data-id=\"531f714\" data-element_type=\"column\" data-settings=\"{&quot;background_background&quot;:&quot;classic&quot;}\">\n\t\t\t<div class=\"elementor-widget-wrap elementor-element-populated\">\n\t\t\t\t\t<div class=\"elementor-background-overlay\"><\/div>\n\t\t\t\t\t\t<div class=\"elementor-element elementor-element-8a226ad elementor-widget elementor-widget-text-editor\" data-id=\"8a226ad\" data-element_type=\"widget\" data-widget_type=\"text-editor.default\">\n\t\t\t\t<div class=\"elementor-widget-container\">\n\t\t\t\t\t\t\t\t\t<p>AESTHETIC MEDICINE<\/p>\t\t\t\t\t\t\t\t<\/div>\n\t\t\t\t<\/div>\n\t\t\t\t<div class=\"elementor-element elementor-element-78baad4 elementor-widget elementor-widget-heading\" data-id=\"78baad4\" data-element_type=\"widget\" data-widget_type=\"heading.default\">\n\t\t\t\t<div class=\"elementor-widget-container\">\n\t\t\t\t\t<h2 class=\"elementor-heading-title elementor-size-default\">Venus legacy - Radio Frequency 4d<\/h2>\t\t\t\t<\/div>\n\t\t\t\t<\/div>\n\t\t\t\t\t<\/div>\n\t\t<\/div>\n\t\t\t\t\t<\/div>\n\t\t<\/section>\n\t\t\t\t<section class=\"elementor-section elementor-inner-section elementor-element elementor-element-6a33f73 elementor-section-boxed elementor-section-height-default elementor-section-height-default\" data-id=\"6a33f73\" data-element_type=\"section\">\n\t\t\t\t\t\t<div class=\"elementor-container elementor-column-gap-default\">\n\t\t\t\t\t<div class=\"elementor-column elementor-col-100 elementor-inner-column elementor-element elementor-element-b1cd754\" data-id=\"b1cd754\" data-element_type=\"column\">\n\t\t\t<div class=\"elementor-widget-wrap elementor-element-populated\">\n\t\t\t\t\t\t<div class=\"elementor-element elementor-element-0cd287a elementor-widget elementor-widget-image\" data-id=\"0cd287a\" data-element_type=\"widget\" data-widget_type=\"image.default\">\n\t\t\t\t<div class=\"elementor-widget-container\">\n\t\t\t\t\t\t\t\t\t\t\t\t\t\t\t<img fetchpriority=\"high\" decoding=\"async\" width=\"1024\" height=\"768\" src=\"https:\/\/fitclinic.pt\/wp-content\/uploads\/2022\/05\/tiffany-nguyen-1dvIeM57k3I-unsplash-1024x768.jpg\" class=\"attachment-large size-large wp-image-11533\" alt=\"\" srcset=\"https:\/\/fitclinic.pt\/wp-content\/uploads\/2022\/05\/tiffany-nguyen-1dvIeM57k3I-unsplash-1024x768.jpg 1024w, https:\/\/fitclinic.pt\/wp-content\/uploads\/2022\/05\/tiffany-nguyen-1dvIeM57k3I-unsplash-300x225.jpg 300w, https:\/\/fitclinic.pt\/wp-content\/uploads\/2022\/05\/tiffany-nguyen-1dvIeM57k3I-unsplash-768x576.jpg 768w, https:\/\/fitclinic.pt\/wp-content\/uploads\/2022\/05\/tiffany-nguyen-1dvIeM57k3I-unsplash-1536x1152.jpg 1536w, https:\/\/fitclinic.pt\/wp-content\/uploads\/2022\/05\/tiffany-nguyen-1dvIeM57k3I-unsplash-2048x1536.jpg 2048w\" sizes=\"(max-width: 1024px) 100vw, 1024px\" \/>\t\t\t\t\t\t\t\t\t\t\t\t\t\t\t<\/div>\n\t\t\t\t<\/div>\n\t\t\t\t\t<\/div>\n\t\t<\/div>\n\t\t\t\t\t<\/div>\n\t\t<\/section>\n\t\t\t\t\t<\/div>\n\t\t<\/div>\n\t\t\t\t<div class=\"elementor-column elementor-col-50 elementor-top-column elementor-element elementor-element-4399abf elementor-hidden-phone\" data-id=\"4399abf\" data-element_type=\"column\">\n\t\t\t<div class=\"elementor-widget-wrap elementor-element-populated\">\n\t\t\t\t\t\t<div class=\"elementor-element elementor-element-0cb6e88 elementor-widget elementor-widget-image\" data-id=\"0cb6e88\" data-element_type=\"widget\" data-widget_type=\"image.default\">\n\t\t\t\t<div class=\"elementor-widget-container\">\n\t\t\t\t\t\t\t\t\t\t\t\t\t\t\t<img decoding=\"async\" width=\"1400\" height=\"926\" src=\"https:\/\/fitclinic.pt\/wp-content\/uploads\/2022\/12\/venus-legacy-rosto-2.jpg\" class=\"attachment-full size-full wp-image-14359\" alt=\"\" srcset=\"https:\/\/fitclinic.pt\/wp-content\/uploads\/2022\/12\/venus-legacy-rosto-2.jpg 1400w, https:\/\/fitclinic.pt\/wp-content\/uploads\/2022\/12\/venus-legacy-rosto-2-300x198.jpg 300w, https:\/\/fitclinic.pt\/wp-content\/uploads\/2022\/12\/venus-legacy-rosto-2-1024x677.jpg 1024w, https:\/\/fitclinic.pt\/wp-content\/uploads\/2022\/12\/venus-legacy-rosto-2-768x508.jpg 768w\" sizes=\"(max-width: 1400px) 100vw, 1400px\" \/>\t\t\t\t\t\t\t\t\t\t\t\t\t\t\t<\/div>\n\t\t\t\t<\/div>\n\t\t\t\t\t<\/div>\n\t\t<\/div>\n\t\t\t\t\t<\/div>\n\t\t<\/section>\n\t\t\t\t<section class=\"elementor-section elementor-top-section elementor-element elementor-element-afbacbc elementor-section-content-middle elementor-section-boxed elementor-section-height-default elementor-section-height-default\" data-id=\"afbacbc\" data-element_type=\"section\" data-settings=\"{&quot;background_background&quot;:&quot;classic&quot;}\">\n\t\t\t\t\t\t\t<div class=\"elementor-background-overlay\"><\/div>\n\t\t\t\t\t\t\t<div class=\"elementor-container elementor-column-gap-default\">\n\t\t\t\t\t<div class=\"elementor-column elementor-col-50 elementor-top-column elementor-element elementor-element-3cd23c5\" data-id=\"3cd23c5\" data-element_type=\"column\">\n\t\t\t<div class=\"elementor-widget-wrap elementor-element-populated\">\n\t\t\t\t\t\t<div class=\"elementor-element elementor-element-ee4f32f elementor-widget elementor-widget-heading\" data-id=\"ee4f32f\" data-element_type=\"widget\" data-widget_type=\"heading.default\">\n\t\t\t\t<div class=\"elementor-widget-container\">\n\t\t\t\t\t<h2 class=\"elementor-heading-title elementor-size-default\">Non-invasive medical equipment for face and body<\/h2>\t\t\t\t<\/div>\n\t\t\t\t<\/div>\n\t\t\t\t<div class=\"elementor-element elementor-element-9503f48 elementor-drop-cap-yes elementor-drop-cap-view-default elementor-widget elementor-widget-text-editor\" data-id=\"9503f48\" data-element_type=\"widget\" data-settings=\"{&quot;drop_cap&quot;:&quot;yes&quot;}\" data-widget_type=\"text-editor.default\">\n\t\t\t\t<div class=\"elementor-widget-container\">\n\t\t\t\t\t\t\t\t\t<p>Innovative non-invasive medical equipment that effectively solves aesthetic issues for the face and body, such as non-surgical body shaping, cellulite reduction, skin tightening and wrinkle reduction. The treatments are safe, require no recovery time and are suitable for all skin types. The Venus Legacy runs on the unique (MP)2 technology, which combines Multipolar RF and PEMF and features advanced VariPulse\u2122 technology.<\/p>\t\t\t\t\t\t\t\t<\/div>\n\t\t\t\t<\/div>\n\t\t\t\t<div class=\"elementor-element elementor-element-c5b1e77 elementor-widget-divider--view-line_icon elementor-view-default elementor-widget-divider--element-align-center elementor-widget elementor-widget-divider\" data-id=\"c5b1e77\" data-element_type=\"widget\" data-widget_type=\"divider.default\">\n\t\t\t\t<div class=\"elementor-widget-container\">\n\t\t\t\t\t\t\t<div class=\"elementor-divider\">\n\t\t\t<span class=\"elementor-divider-separator\">\n\t\t\t\t\t\t\t<div class=\"elementor-icon elementor-divider__element\">\n\t\t\t\t\t<i aria-hidden=\"true\" class=\"far fa-gem\"><\/i><\/div>\n\t\t\t\t\t\t<\/span>\n\t\t<\/div>\n\t\t\t\t\t\t<\/div>\n\t\t\t\t<\/div>\n\t\t\t\t\t<\/div>\n\t\t<\/div>\n\t\t\t\t<div class=\"elementor-column elementor-col-50 elementor-top-column elementor-element elementor-element-53646e0\" data-id=\"53646e0\" data-element_type=\"column\">\n\t\t\t<div class=\"elementor-widget-wrap elementor-element-populated\">\n\t\t\t\t\t\t<div class=\"elementor-element elementor-element-721e87c elementor-widget elementor-widget-image\" data-id=\"721e87c\" data-element_type=\"widget\" data-widget_type=\"image.default\">\n\t\t\t\t<div class=\"elementor-widget-container\">\n\t\t\t\t\t\t\t\t\t\t\t\t\t\t\t<img decoding=\"async\" width=\"364\" height=\"602\" src=\"https:\/\/fitclinic.pt\/wp-content\/uploads\/2022\/06\/venus_legacy_large.png\" class=\"attachment-large size-large wp-image-12180\" alt=\"\" srcset=\"https:\/\/fitclinic.pt\/wp-content\/uploads\/2022\/06\/venus_legacy_large.png 364w, https:\/\/fitclinic.pt\/wp-content\/uploads\/2022\/06\/venus_legacy_large-181x300.png 181w\" sizes=\"(max-width: 364px) 100vw, 364px\" \/>\t\t\t\t\t\t\t\t\t\t\t\t\t\t\t<\/div>\n\t\t\t\t<\/div>\n\t\t\t\t\t<\/div>\n\t\t<\/div>\n\t\t\t\t\t<\/div>\n\t\t<\/section>\n\t\t\t\t<section class=\"elementor-section elementor-top-section elementor-element elementor-element-44cf761 elementor-section-boxed elementor-section-height-default elementor-section-height-default\" data-id=\"44cf761\" data-element_type=\"section\" data-settings=\"{&quot;background_background&quot;:&quot;classic&quot;}\">\n\t\t\t\t\t\t\t<div class=\"elementor-background-overlay\"><\/div>\n\t\t\t\t\t\t\t<div class=\"elementor-container elementor-column-gap-default\">\n\t\t\t\t\t<div class=\"elementor-column elementor-col-100 elementor-top-column elementor-element elementor-element-9aa0b5c\" data-id=\"9aa0b5c\" data-element_type=\"column\">\n\t\t\t<div class=\"elementor-widget-wrap elementor-element-populated\">\n\t\t\t\t\t\t<div class=\"elementor-element elementor-element-59f3a30 elementor-widget elementor-widget-accordion\" data-id=\"59f3a30\" data-element_type=\"widget\" data-widget_type=\"accordion.default\">\n\t\t\t\t<div class=\"elementor-widget-container\">\n\t\t\t\t\t\t\t<div class=\"elementor-accordion\">\n\t\t\t\t\t\t\t<div class=\"elementor-accordion-item\">\n\t\t\t\t\t<div id=\"elementor-tab-title-9431\" class=\"elementor-tab-title\" data-tab=\"1\" role=\"button\" aria-controls=\"elementor-tab-content-9431\" aria-expanded=\"false\">\n\t\t\t\t\t\t\t\t\t\t\t\t\t<span class=\"elementor-accordion-icon elementor-accordion-icon-left\" aria-hidden=\"true\">\n\t\t\t\t\t\t\t\t\t\t\t\t\t\t\t<span class=\"elementor-accordion-icon-closed\"><i class=\"fas fa-plus\"><\/i><\/span>\n\t\t\t\t\t\t\t\t<span class=\"elementor-accordion-icon-opened\"><i class=\"fas fa-minus\"><\/i><\/span>\n\t\t\t\t\t\t\t\t\t\t\t\t\t\t<\/span>\n\t\t\t\t\t\t\t\t\t\t\t\t<a class=\"elementor-accordion-title\" tabindex=\"0\">What are the advantages?<\/a>\n\t\t\t\t\t<\/div>\n\t\t\t\t\t<div id=\"elementor-tab-content-9431\" class=\"elementor-tab-content elementor-clearfix\" data-tab=\"1\" role=\"region\" aria-labelledby=\"elementor-tab-title-9431\"><ul><li><b>body modeling<\/b> \u2013 Makes the silhouette more contoured and defined, eliminating fat cells under the tissues.<\/li><li><b>cellulite reduction<\/b> \u2013 Reduces dimples and folds in the buttocks and thighs area, leading to a smoother and more elegant silhouette.<\/li><li><b>skin firming<\/b> \u2013 Firming the skin of the upper arm area to minimize sagging skin and excess wrinkles.<\/li><li><b>Abdominal circumference reduction<\/b> \u2013 The treatments are effective in eliminating fat cells in the abdominal area, resulting in a more elegant silhouette.<\/li><li><b>wrinkle reduction<\/b> \u2013 Minimizes light and creased wrinkles, providing a considerably younger skin.<\/li><\/ul><\/div>\n\t\t\t\t<\/div>\n\t\t\t\t\t\t\t\t\t\t<script type=\"application\/ld+json\">{\"@context\":\"https:\\\/\\\/schema.org\",\"@type\":\"FAQPage\",\"mainEntity\":[{\"@type\":\"Question\",\"name\":\"Quais as vantagens?\",\"acceptedAnswer\":{\"@type\":\"Answer\",\"text\":\"<ul><li><b>Modela\\u00e7\\u00e3o corporal<\\\/b> &#8211; Torna a silhueta mais contornada e definida, eliminando as c\\u00e9lulas de gordura sob os tecidos.<\\\/li><li><b>Redu\\u00e7\\u00e3o de celulite<\\\/b> &#8211; Reduz as covas e dobras na zona das n\\u00e1degas e coxas, levando a uma silhueta mais suave e elegante.<\\\/li><li><b>Refirma\\u00e7\\u00e3o da pele<\\\/b> &#8211; Refirma\\u00e7\\u00e3o da pele da zona superior do bra\\u00e7o para minimizar a pele ca\\u00edda e o excesso de rugas.<\\\/li><li><b>Redu\\u00e7\\u00e3o da circunfer\\u00eancia abdominal<\\\/b> &#8211; Os tratamentos s\\u00e3o eficazes na elimina\\u00e7\\u00e3o das c\\u00e9lulas de gordura na zona abdominal, resultando numa silhueta mais elegante.<\\\/li><li><b>Redu\\u00e7\\u00e3o de rugas<\\\/b> &#8211; Minimiza as rugas leves e vincadas, proporcionando uma pele consideravelmente mais jovem.<\\\/li><\\\/ul>\"}}]}<\/script>\n\t\t\t\t\t<\/div>\n\t\t\t\t\t\t<\/div>\n\t\t\t\t<\/div>\n\t\t\t\t\t<\/div>\n\t\t<\/div>\n\t\t\t\t\t<\/div>\n\t\t<\/section>\n\t\t\t\t<\/div>","protected":false},"excerpt":{"rendered":"<p>MEDICINA EST\u00c9TICA Venus legacy &#8211; Radiofrequ\u00eancia 4d Equipamento m\u00e9dico n\u00e3o invasivo para rosto e corpo Inovador equipamento m\u00e9dico n\u00e3o invasivo que resolve de forma eficaz quest\u00f5es est\u00e9ticas ao n\u00edvel do rosto e do corpo, como modela\u00e7\u00e3o n\u00e3o cirurgica do corpo, redu\u00e7\u00e3o da celulite, refirma\u00e7\u00e3o da pele e redu\u00e7\u00e3o de rugas. Os tratamentos s\u00e3o seguros, n\u00e3o [&hellip;]<\/p>","protected":false},"author":3,"featured_media":0,"parent":13154,"menu_order":10,"comment_status":"closed","ping_status":"closed","template":"","meta":{"site-sidebar-layout":"no-sidebar","site-content-layout":"page-builder","ast-site-content-layout":"default","site-content-style":"default","site-sidebar-style":"default","ast-global-header-display":"","ast-banner-title-visibility":"","ast-main-header-display":"","ast-hfb-above-header-display":"","ast-hfb-below-header-display":"","ast-hfb-mobile-header-display":"","site-post-title":"disabled","ast-breadcrumbs-content":"","ast-featured-img":"disabled","footer-sml-layout":"","ast-disable-related-posts":"","theme-transparent-header-meta":"default","adv-header-id-meta":"","stick-header-meta":"","header-above-stick-meta":"","header-main-stick-meta":"","header-below-stick-meta":"","astra-migrate-meta-layouts":"default","ast-page-background-enabled":"default","ast-page-background-meta":{"desktop":{"background-color":"","background-image":"","background-repeat":"repeat","background-position":"center center","background-size":"auto","background-attachment":"scroll","background-type":"","background-media":"","overlay-type":"","overlay-color":"","overlay-opacity":"","overlay-gradient":""},"tablet":{"background-color":"","background-image":"","background-repeat":"repeat","background-position":"center center","background-size":"auto","background-attachment":"scroll","background-type":"","background-media":"","overlay-type":"","overlay-color":"","overlay-opacity":"","overlay-gradient":""},"mobile":{"background-color":"","background-image":"","background-repeat":"repeat","background-position":"center center","background-size":"auto","background-attachment":"scroll","background-type":"","background-media":"","overlay-type":"","overlay-color":"","overlay-opacity":"","overlay-gradient":""}},"ast-content-background-meta":{"desktop":{"background-color":"var(--ast-global-color-5)","background-image":"","background-repeat":"repeat","background-position":"center center","background-size":"auto","background-attachment":"scroll","background-type":"","background-media":"","overlay-type":"","overlay-color":"","overlay-opacity":"","overlay-gradient":""},"tablet":{"background-color":"var(--ast-global-color-5)","background-image":"","background-repeat":"repeat","background-position":"center center","background-size":"auto","background-attachment":"scroll","background-type":"","background-media":"","overlay-type":"","overlay-color":"","overlay-opacity":"","overlay-gradient":""},"mobile":{"background-color":"var(--ast-global-color-5)","background-image":"","background-repeat":"repeat","background-position":"center center","background-size":"auto","background-attachment":"scroll","background-type":"","background-media":"","overlay-type":"","overlay-color":"","overlay-opacity":"","overlay-gradient":""}},"footnotes":""},"class_list":["post-14350","page","type-page","status-publish","hentry"],"_links":{"self":[{"href":"https:\/\/fitclinic.pt\/en\/wp-json\/wp\/v2\/pages\/14350","targetHints":{"allow":["GET"]}}],"collection":[{"href":"https:\/\/fitclinic.pt\/en\/wp-json\/wp\/v2\/pages"}],"about":[{"href":"https:\/\/fitclinic.pt\/en\/wp-json\/wp\/v2\/types\/page"}],"author":[{"embeddable":true,"href":"https:\/\/fitclinic.pt\/en\/wp-json\/wp\/v2\/users\/3"}],"replies":[{"embeddable":true,"href":"https:\/\/fitclinic.pt\/en\/wp-json\/wp\/v2\/comments?post=14350"}],"version-history":[{"count":0,"href":"https:\/\/fitclinic.pt\/en\/wp-json\/wp\/v2\/pages\/14350\/revisions"}],"up":[{"embeddable":true,"href":"https:\/\/fitclinic.pt\/en\/wp-json\/wp\/v2\/pages\/13154"}],"wp:attachment":[{"href":"https:\/\/fitclinic.pt\/en\/wp-json\/wp\/v2\/media?parent=14350"}],"curies":[{"name":"wp","href":"https:\/\/api.w.org\/{rel}","templated":true}]}}